{"id":191,"date":"2025-06-30T12:49:18","date_gmt":"2025-06-30T12:49:18","guid":{"rendered":"http:\/\/nl"},"modified":"2025-07-15T09:50:09","modified_gmt":"2025-07-15T09:50:09","slug":"uber-uns","status":"publish","type":"page","link":"https:\/\/aarhus-odden.com\/de\/uber-uns\/","title":{"rendered":"\u00dcber uns"},"content":{"rendered":"\n<p>Auf Aarhus-Odden.com bieten wir klare und unabh\u00e4ngige Informationen \u00fcber die Hochgeschwindigkeitsf\u00e4hre zwischen dem Hafen von <a href=\"https:\/\/aarhus-odden.com\/de\/aarhus\/\">Aarhus<\/a> (J\u00fctland) und dem Hafen von <a href=\"https:\/\/aarhus-odden.com\/de\/odden\/\">Odden<\/a> (Sj\u00e6lland). <strong>Diese beliebte d\u00e4nische Verbindung verk\u00fcrzt die Reisezeit zwischen Ost- und Westd\u00e4nemark erheblich.<\/strong><\/p>\n\n\n\n<h2 class=\"wp-block-heading\">Was wir anbieten<\/h2>\n\n\n\n<p>Diese Website wurde erstellt, um Reisenden zu helfen, praktische F\u00e4hrinformationen an einem Ort zu vergleichen. Wir sammeln und aktualisieren wichtige Fakten zur Route, wie den <a href=\"https:\/\/aarhus-odden.com\/de\/fahrplan\/\">Fahrplan<\/a>, die <a href=\"https:\/\/aarhus-odden.com\/de\/preise\/\">Ticketpreise<\/a> und die <strong>Hafeneinrichtungen<\/strong>. Unser Ziel ist es, deine Reiseplanung zu erleichtern.<\/p>\n\n\n\n<p>Die Aarhus-Odden-F\u00e4hre wird offiziell von Molslinjen betrieben und dauert nur 75 bis 90 Minuten. Es gibt bis zu 16 Abfahrten pro Tag, und die Strecke umfasst rund 70 Kilometer \u00fcber das Kattegat.<\/p>\n\n\n\n<p><em>Aarhus-Odden.com steht in keiner Verbindung zu Molslinjen. Wir sind eine unabh\u00e4ngige Quelle, die n\u00fctzliche Reiseinformationen ohne Voreingenommenheit bereitstellt.<\/em><\/p>\n\n\n\n<h2 class=\"wp-block-heading\">Feedback oder Fragen<\/h2>\n\n\n\n<p>Hast du eine Frage oder Anmerkung? Nutze das untenstehende Kontaktformular, um uns zu erreichen. Wir freuen uns \u00fcber Korrekturen, Feedback und R\u00fcckmeldungen von Reisenden, die diese Route nutzen.<\/p>\n\n\n\n<div class=\"wpcf7 no-js\" id=\"wpcf7-f134-o1\" lang=\"en-US\" dir=\"ltr\" data-wpcf7-id=\"134\">\n<div class=\"screen-reader-response\"><p role=\"status\" aria-live=\"polite\" aria-atomic=\"true\"><\/p> <ul><\/ul><\/div>\n<form action=\"\/de\/wp-json\/wp\/v2\/pages\/191#wpcf7-f134-o1\" method=\"post\" class=\"wpcf7-form init\" aria-label=\"Contact form\" novalidate=\"novalidate\" data-status=\"init\">\n<fieldset class=\"hidden-fields-container\"><input type=\"hidden\" name=\"_wpcf7\" value=\"134\" \/><input type=\"hidden\" name=\"_wpcf7_version\" value=\"6.1.2\" \/><input type=\"hidden\" name=\"_wpcf7_locale\" value=\"en_US\" \/><input type=\"hidden\" name=\"_wpcf7_unit_tag\" value=\"wpcf7-f134-o1\" \/><input type=\"hidden\" name=\"_wpcf7_container_post\" value=\"0\" \/><input type=\"hidden\" name=\"_wpcf7_posted_data_hash\" value=\"\" \/>\n<\/fieldset>\n<p><label> Name<br \/>\n<span class=\"wpcf7-form-control-wrap\" data-name=\"your-name\"><input size=\"40\" maxlength=\"400\" class=\"wpcf7-form-control wpcf7-text wpcf7-validates-as-required\" autocomplete=\"name\" aria-required=\"true\" aria-invalid=\"false\" value=\"\" type=\"text\" name=\"your-name\" \/><\/span> <\/label>\n<\/p>\n<p><label> E-mail<br \/>\n<span class=\"wpcf7-form-control-wrap\" data-name=\"your-email\"><input size=\"40\" maxlength=\"400\" class=\"wpcf7-form-control wpcf7-email wpcf7-validates-as-required wpcf7-text wpcf7-validates-as-email\" autocomplete=\"email\" aria-required=\"true\" aria-invalid=\"false\" value=\"\" type=\"email\" name=\"your-email\" \/><\/span> <\/label>\n<\/p>\n<p><label> Nachricht<br \/>\n<span class=\"wpcf7-form-control-wrap\" data-name=\"your-message\"><textarea cols=\"40\" rows=\"10\" maxlength=\"2000\" class=\"wpcf7-form-control wpcf7-textarea wpcf7-validates-as-required\" aria-required=\"true\" aria-invalid=\"false\" name=\"your-message\"><\/textarea><\/span> <\/label>\n<\/p>\n<p><input class=\"wpcf7-form-control wpcf7-submit has-spinner\" type=\"submit\" value=\"Senden\" \/>\n<\/p><div class=\"wpcf7-response-output\" aria-hidden=\"true\"><\/div>\n<\/form>\n<\/div>\n\n\n\n\n<p>Mit dem Senden einer Nachricht stimmst du der <a href=\"https:\/\/aarhus-odden.com\/de\/datenschutzerklarung\/\">Datenschutzerkl\u00e4rung<\/a> von <a href=\"https:\/\/aarhus-odden.com\/\">Aarhus-Odden.com<\/a> zu.<\/p>\n","protected":false},"excerpt":{"rendered":"<p>Auf Aarhus-Odden.com bieten wir klare und unabh\u00e4ngige Informationen \u00fcber die Hochgeschwindigkeitsf\u00e4hre zwischen dem Hafen von Aarhus (J\u00fctland) und dem Hafen [&hellip;]<\/p>\n","protected":false},"author":1,"featured_media":0,"parent":0,"menu_order":0,"comment_status":"closed","ping_status":"closed","template":"","meta":{"inline_featured_image":false,"site-sidebar-layout":"default","site-content-layout":"","ast-site-content-layout":"default","site-content-style":"default","site-sidebar-style":"default","ast-global-header-display":"","ast-banner-title-visibility":"","ast-main-header-display":"","ast-hfb-above-header-display":"","ast-hfb-below-header-display":"","ast-hfb-mobile-header-display":"","site-post-title":"","ast-breadcrumbs-content":"","ast-featured-img":"","footer-sml-layout":"","theme-transparent-header-meta":"","adv-header-id-meta":"","stick-header-meta":"","header-above-stick-meta":"","header-main-stick-meta":"","header-below-stick-meta":"","astra-migrate-meta-layouts":"default","ast-page-background-enabled":"default","ast-page-background-meta":{"desktop":{"background-color":"var(--ast-global-color-4)","background-image":"","background-repeat":"repeat","background-position":"center center","background-size":"auto","background-attachment":"scroll","background-type":"","background-media":"","overlay-type":"","overlay-color":"","overlay-opacity":"","overlay-gradient":""},"tablet":{"background-color":"","background-image":"","background-repeat":"repeat","background-position":"center center","background-size":"auto","background-attachment":"scroll","background-type":"","background-media":"","overlay-type":"","overlay-color":"","overlay-opacity":"","overlay-gradient":""},"mobile":{"background-color":"","background-image":"","background-repeat":"repeat","background-position":"center center","background-size":"auto","background-attachment":"scroll","background-type":"","background-media":"","overlay-type":"","overlay-color":"","overlay-opacity":"","overlay-gradient":""}},"ast-content-background-meta":{"desktop":{"background-color":"var(--ast-global-color-5)","background-image":"","background-repeat":"repeat","background-position":"center center","background-size":"auto","background-attachment":"scroll","background-type":"","background-media":"","overlay-type":"","overlay-color":"","overlay-opacity":"","overlay-gradient":""},"tablet":{"background-color":"var(--ast-global-color-5)","background-image":"","background-repeat":"repeat","background-position":"center center","background-size":"auto","background-attachment":"scroll","background-type":"","background-media":"","overlay-type":"","overlay-color":"","overlay-opacity":"","overlay-gradient":""},"mobile":{"background-color":"var(--ast-global-color-5)","background-image":"","background-repeat":"repeat","background-position":"center center","background-size":"auto","background-attachment":"scroll","background-type":"","background-media":"","overlay-type":"","overlay-color":"","overlay-opacity":"","overlay-gradient":""}},"footnotes":""},"class_list":["post-191","page","type-page","status-publish","hentry"],"yoast_head":"<!-- This site is optimized with the Yoast SEO plugin v26.2 - https:\/\/yoast.com\/wordpress\/plugins\/seo\/ -->\n<title>\u00dcber uns - Aarhus-Odden DE<\/title>\n<meta name=\"description\" content=\"Wer wir sind. Unsere Website-Adresse lautet: https:\/\/aarhus-odden.com. Lies unsere Datenschutzerkl\u00e4rung, wichtig zu wissen!\" \/>\n<meta name=\"robots\" content=\"index, follow, max-snippet:-1, max-image-preview:large, max-video-preview:-1\" \/>\n<link rel=\"canonical\" href=\"https:\/\/aarhus-odden.com\/de\/uber-uns\/\" \/>\n<meta property=\"og:locale\" content=\"de_DE\" \/>\n<meta property=\"og:type\" content=\"article\" \/>\n<meta property=\"og:title\" content=\"\u00dcber uns - Aarhus-Odden DE\" \/>\n<meta property=\"og:description\" content=\"Wer wir sind. Unsere Website-Adresse lautet: https:\/\/aarhus-odden.com. Lies unsere Datenschutzerkl\u00e4rung, wichtig zu wissen!\" \/>\n<meta property=\"og:url\" content=\"https:\/\/aarhus-odden.com\/de\/uber-uns\/\" \/>\n<meta property=\"og:site_name\" content=\"Aarhus-Odden DE\" \/>\n<meta property=\"article:modified_time\" content=\"2025-07-15T09:50:09+00:00\" \/>\n<meta name=\"twitter:card\" content=\"summary_large_image\" \/>\n<meta name=\"twitter:label1\" content=\"Gesch\u00e4tzte Lesezeit\" \/>\n\t<meta name=\"twitter:data1\" content=\"1\u00a0Minute\" \/>\n<script type=\"application\/ld+json\" class=\"yoast-schema-graph\">{\"@context\":\"https:\/\/schema.org\",\"@graph\":[{\"@type\":[\"WebPage\",\"AboutPage\"],\"@id\":\"https:\/\/aarhus-odden.com\/de\/uber-uns\/\",\"url\":\"https:\/\/aarhus-odden.com\/de\/uber-uns\/\",\"name\":\"\u00dcber uns - Aarhus-Odden DE\",\"isPartOf\":{\"@id\":\"https:\/\/aarhus-odden.com\/de\/#website\"},\"datePublished\":\"2025-06-30T12:49:18+00:00\",\"dateModified\":\"2025-07-15T09:50:09+00:00\",\"description\":\"Wer wir sind. Unsere Website-Adresse lautet: https:\/\/aarhus-odden.com. Lies unsere Datenschutzerkl\u00e4rung, wichtig zu wissen!\",\"breadcrumb\":{\"@id\":\"https:\/\/aarhus-odden.com\/de\/uber-uns\/#breadcrumb\"},\"inLanguage\":\"de\",\"potentialAction\":[{\"@type\":\"ReadAction\",\"target\":[\"https:\/\/aarhus-odden.com\/de\/uber-uns\/\"]}]},{\"@type\":\"BreadcrumbList\",\"@id\":\"https:\/\/aarhus-odden.com\/de\/uber-uns\/#breadcrumb\",\"itemListElement\":[{\"@type\":\"ListItem\",\"position\":1,\"name\":\"Home\",\"item\":\"https:\/\/aarhus-odden.com\/de\/\"},{\"@type\":\"ListItem\",\"position\":2,\"name\":\"\u00dcber uns\"}]},{\"@type\":\"WebSite\",\"@id\":\"https:\/\/aarhus-odden.com\/de\/#website\",\"url\":\"https:\/\/aarhus-odden.com\/de\/\",\"name\":\"Aarhus-Odden DE\",\"description\":\"Der internationale Guide f\u00fcr die F\u00e4hre Aarhus  Odden\",\"publisher\":{\"@id\":\"https:\/\/aarhus-odden.com\/de\/#organization\"},\"potentialAction\":[{\"@type\":\"SearchAction\",\"target\":{\"@type\":\"EntryPoint\",\"urlTemplate\":\"https:\/\/aarhus-odden.com\/de\/?s={search_term_string}\"},\"query-input\":{\"@type\":\"PropertyValueSpecification\",\"valueRequired\":true,\"valueName\":\"search_term_string\"}}],\"inLanguage\":\"de\"},{\"@type\":\"Organization\",\"@id\":\"https:\/\/aarhus-odden.com\/de\/#organization\",\"name\":\"Aarhus-Odden DE\",\"url\":\"https:\/\/aarhus-odden.com\/de\/\",\"logo\":{\"@type\":\"ImageObject\",\"inLanguage\":\"de\",\"@id\":\"https:\/\/aarhus-odden.com\/de\/#\/schema\/logo\/image\/\",\"url\":\"https:\/\/aarhus-odden.com\/de\/wp-content\/uploads\/sites\/3\/2025\/06\/aarhus-odden-logo.png\",\"contentUrl\":\"https:\/\/aarhus-odden.com\/de\/wp-content\/uploads\/sites\/3\/2025\/06\/aarhus-odden-logo.png\",\"width\":706,\"height\":125,\"caption\":\"Aarhus-Odden DE\"},\"image\":{\"@id\":\"https:\/\/aarhus-odden.com\/de\/#\/schema\/logo\/image\/\"}}]}<\/script>\n<!-- \/ Yoast SEO plugin. -->","yoast_head_json":{"title":"\u00dcber uns - Aarhus-Odden DE","description":"Wer wir sind. Unsere Website-Adresse lautet: https:\/\/aarhus-odden.com. Lies unsere Datenschutzerkl\u00e4rung, wichtig zu wissen!","robots":{"index":"index","follow":"follow","max-snippet":"max-snippet:-1","max-image-preview":"max-image-preview:large","max-video-preview":"max-video-preview:-1"},"canonical":"https:\/\/aarhus-odden.com\/de\/uber-uns\/","og_locale":"de_DE","og_type":"article","og_title":"\u00dcber uns - Aarhus-Odden DE","og_description":"Wer wir sind. Unsere Website-Adresse lautet: https:\/\/aarhus-odden.com. Lies unsere Datenschutzerkl\u00e4rung, wichtig zu wissen!","og_url":"https:\/\/aarhus-odden.com\/de\/uber-uns\/","og_site_name":"Aarhus-Odden DE","article_modified_time":"2025-07-15T09:50:09+00:00","twitter_card":"summary_large_image","twitter_misc":{"Gesch\u00e4tzte Lesezeit":"1\u00a0Minute"},"schema":{"@context":"https:\/\/schema.org","@graph":[{"@type":["WebPage","AboutPage"],"@id":"https:\/\/aarhus-odden.com\/de\/uber-uns\/","url":"https:\/\/aarhus-odden.com\/de\/uber-uns\/","name":"\u00dcber uns - Aarhus-Odden DE","isPartOf":{"@id":"https:\/\/aarhus-odden.com\/de\/#website"},"datePublished":"2025-06-30T12:49:18+00:00","dateModified":"2025-07-15T09:50:09+00:00","description":"Wer wir sind. Unsere Website-Adresse lautet: https:\/\/aarhus-odden.com. Lies unsere Datenschutzerkl\u00e4rung, wichtig zu wissen!","breadcrumb":{"@id":"https:\/\/aarhus-odden.com\/de\/uber-uns\/#breadcrumb"},"inLanguage":"de","potentialAction":[{"@type":"ReadAction","target":["https:\/\/aarhus-odden.com\/de\/uber-uns\/"]}]},{"@type":"BreadcrumbList","@id":"https:\/\/aarhus-odden.com\/de\/uber-uns\/#breadcrumb","itemListElement":[{"@type":"ListItem","position":1,"name":"Home","item":"https:\/\/aarhus-odden.com\/de\/"},{"@type":"ListItem","position":2,"name":"\u00dcber uns"}]},{"@type":"WebSite","@id":"https:\/\/aarhus-odden.com\/de\/#website","url":"https:\/\/aarhus-odden.com\/de\/","name":"Aarhus-Odden DE","description":"Der internationale Guide f\u00fcr die F\u00e4hre Aarhus  Odden","publisher":{"@id":"https:\/\/aarhus-odden.com\/de\/#organization"},"potentialAction":[{"@type":"SearchAction","target":{"@type":"EntryPoint","urlTemplate":"https:\/\/aarhus-odden.com\/de\/?s={search_term_string}"},"query-input":{"@type":"PropertyValueSpecification","valueRequired":true,"valueName":"search_term_string"}}],"inLanguage":"de"},{"@type":"Organization","@id":"https:\/\/aarhus-odden.com\/de\/#organization","name":"Aarhus-Odden DE","url":"https:\/\/aarhus-odden.com\/de\/","logo":{"@type":"ImageObject","inLanguage":"de","@id":"https:\/\/aarhus-odden.com\/de\/#\/schema\/logo\/image\/","url":"https:\/\/aarhus-odden.com\/de\/wp-content\/uploads\/sites\/3\/2025\/06\/aarhus-odden-logo.png","contentUrl":"https:\/\/aarhus-odden.com\/de\/wp-content\/uploads\/sites\/3\/2025\/06\/aarhus-odden-logo.png","width":706,"height":125,"caption":"Aarhus-Odden DE"},"image":{"@id":"https:\/\/aarhus-odden.com\/de\/#\/schema\/logo\/image\/"}}]}},"_links":{"self":[{"href":"https:\/\/aarhus-odden.com\/de\/wp-json\/wp\/v2\/pages\/191","targetHints":{"allow":["GET"]}}],"collection":[{"href":"https:\/\/aarhus-odden.com\/de\/wp-json\/wp\/v2\/pages"}],"about":[{"href":"https:\/\/aarhus-odden.com\/de\/wp-json\/wp\/v2\/types\/page"}],"author":[{"embeddable":true,"href":"https:\/\/aarhus-odden.com\/de\/wp-json\/wp\/v2\/users\/1"}],"replies":[{"embeddable":true,"href":"https:\/\/aarhus-odden.com\/de\/wp-json\/wp\/v2\/comments?post=191"}],"version-history":[{"count":3,"href":"https:\/\/aarhus-odden.com\/de\/wp-json\/wp\/v2\/pages\/191\/revisions"}],"predecessor-version":[{"id":270,"href":"https:\/\/aarhus-odden.com\/de\/wp-json\/wp\/v2\/pages\/191\/revisions\/270"}],"wp:attachment":[{"href":"https:\/\/aarhus-odden.com\/de\/wp-json\/wp\/v2\/media?parent=191"}],"curies":[{"name":"wp","href":"https:\/\/api.w.org\/{rel}","templated":true}]}}