{"id":190,"date":"2025-06-30T12:49:18","date_gmt":"2025-06-30T12:49:18","guid":{"rendered":"http:\/\/nl"},"modified":"2025-07-15T09:19:00","modified_gmt":"2025-07-15T09:19:00","slug":"fahrplan","status":"publish","type":"page","link":"https:\/\/aarhus-odden.com\/de\/fahrplan\/","title":{"rendered":"Aarhus Odden Fahrplan"},"content":{"rendered":"\n<p>Jeden Tag in der Woche fahren mehrere Hochgeschwindigkeits-Katamarane zwischen J\u00fctland und Seeland. Die F\u00e4hre startet vom <a href=\"https:\/\/aarhus-odden.com\/de\/aarhus\/\"><strong>Hafen Aarhus<\/strong><\/a> und kommt im <a href=\"https:\/\/aarhus-odden.com\/de\/odden\/\"><strong>Hafen Odden<\/strong><\/a> auf Sj\u00e6lland an.<\/p>\n\n\n\n<p>Alle \u00dcberfahrten werden von <strong>Molslinjen<\/strong> betrieben. Auf dieser Seite findest du den Standardfahrplan f\u00fcr diese Strecke.<\/p>\n\n\n\n<h3 class=\"wp-block-heading\">Fahrplan Aarhus \u2192 Odden<\/h3>\n\n\n\n<p>Wenn du von J\u00fctland nach Seeland reist, startest du am Molslinjen-Terminal in Aarhus. Die \u00dcberfahrt dauert ungef\u00e4hr <strong>80 Minuten<\/strong>.<\/p>\n\n\n\n<figure class=\"wp-block-table\"><table class=\"has-fixed-layout\"><thead><tr><th>Abfahrt Aarhus<\/th><th>Ankunft Odden<\/th><th>Tage<\/th><\/tr><\/thead><tbody><tr><td>05:30<\/td><td>06:50<\/td><td>Montag bis Sonntag<\/td><\/tr><tr><td>07:00<\/td><td>08:20<\/td><td>Montag bis Sonntag<\/td><\/tr><tr><td>08:30<\/td><td>09:50<\/td><td>Montag bis Sonntag<\/td><\/tr><tr><td>10:00<\/td><td>11:20<\/td><td>Montag bis Sonntag<\/td><\/tr><tr><td>11:30<\/td><td>12:50<\/td><td>Montag bis Sonntag<\/td><\/tr><tr><td>13:00<\/td><td>14:20<\/td><td>Montag bis Sonntag<\/td><\/tr><tr><td>14:30<\/td><td>15:50<\/td><td>Montag bis Sonntag<\/td><\/tr><tr><td>16:00<\/td><td>17:20<\/td><td>Montag bis Sonntag<\/td><\/tr><tr><td>17:30<\/td><td>18:50<\/td><td>Montag bis Sonntag<\/td><\/tr><tr><td>19:00<\/td><td>20:20<\/td><td>Montag bis Sonntag<\/td><\/tr><tr><td>20:30<\/td><td>21:50<\/td><td>Montag bis Sonntag<\/td><\/tr><tr><td>22:00<\/td><td>23:20<\/td><td>Montag bis Sonntag<\/td><\/tr><\/tbody><\/table><\/figure>\n\n\n\n<p>Bitte beachte: Der Fahrplan kann sich wegen Wetterbedingungen oder betrieblicher \u00c4nderungen \u00e4ndern.<\/p>\n\n\n\n<blockquote class=\"wp-block-quote is-layout-flow wp-block-quote-is-layout-flow\">\n<p>In der Hauptreisezeit bietet Molslinjen bis zu <strong>32 Abfahrten t\u00e4glich<\/strong> auf dieser Strecke an. Die erste F\u00e4hre f\u00e4hrt um 05:30, die letzte gegen 22:00.<\/p>\n<\/blockquote>\n\n\n\n<h3 class=\"wp-block-heading\">Fahrplan Odden \u2192 Aarhus<\/h3>\n\n\n\n<p>Wenn du von Seeland zur\u00fcck nach J\u00fctland reist, f\u00e4hrt deine F\u00e4hre vom Hafen Odden ab und kommt in Aarhus an.<\/p>\n\n\n\n<figure class=\"wp-block-table\"><table class=\"has-fixed-layout\"><thead><tr><th>Abfahrt Odden<\/th><th>Ankunft Aarhus<\/th><th>Tage<\/th><\/tr><\/thead><tbody><tr><td>05:30<\/td><td>06:50<\/td><td>Montag bis Sonntag<\/td><\/tr><tr><td>07:00<\/td><td>08:20<\/td><td>Montag bis Sonntag<\/td><\/tr><tr><td>08:30<\/td><td>09:50<\/td><td>Montag bis Sonntag<\/td><\/tr><tr><td>10:00<\/td><td>11:20<\/td><td>Montag bis Sonntag<\/td><\/tr><tr><td>11:30<\/td><td>12:50<\/td><td>Montag bis Sonntag<\/td><\/tr><tr><td>13:00<\/td><td>14:20<\/td><td>Montag bis Sonntag<\/td><\/tr><tr><td>14:30<\/td><td>15:50<\/td><td>Montag bis Sonntag<\/td><\/tr><tr><td>16:00<\/td><td>17:20<\/td><td>Montag bis Sonntag<\/td><\/tr><tr><td>17:30<\/td><td>18:50<\/td><td>Montag bis Sonntag<\/td><\/tr><tr><td>19:00<\/td><td>20:20<\/td><td>Montag bis Sonntag<\/td><\/tr><tr><td>20:30<\/td><td>21:50<\/td><td>Montag bis Sonntag<\/td><\/tr><tr><td>22:00<\/td><td>23:20<\/td><td>Montag bis Sonntag<\/td><\/tr><\/tbody><\/table><\/figure>\n\n\n\n<p>Bitte beachte: Der Fahrplan kann sich wegen Wetterbedingungen oder betrieblicher \u00c4nderungen \u00e4ndern.<\/p>\n\n\n\n<h3 class=\"wp-block-heading\">Wichtig: Sei p\u00fcnktlich beim Check-in<\/h3>\n\n\n\n<p>Die oben genannten Zeiten sind die <strong>tats\u00e4chlichen Abfahrtszeiten<\/strong>. Alle Reisenden (mit oder ohne Auto) sollten <strong>rechtzeitig<\/strong> am Molslinjen-Terminal einchecken.<\/p>\n\n\n\n<p>Molslinjen empfiehlt, <strong>mindestens<\/strong> 20 Minuten vor Abfahrt da zu sein. An Wochenenden, Feiertagen und in der Hochsaison besser noch fr\u00fcher.<\/p>\n\n\n\n<p>Schau vorher unbedingt auf die <strong>Verkehrslage<\/strong> und den <strong>Wetterbericht<\/strong>, um Stress und Versp\u00e4tungen auf dem Weg zur F\u00e4hre zu vermeiden.<\/p>\n\n","protected":false},"excerpt":{"rendered":"<p>Jeden Tag in der Woche fahren mehrere Hochgeschwindigkeits-Katamarane zwischen J\u00fctland und Seeland. Die F\u00e4hre startet vom Hafen Aarhus und kommt [&hellip;]<\/p>\n","protected":false},"author":1,"featured_media":0,"parent":0,"menu_order":0,"comment_status":"closed","ping_status":"closed","template":"","meta":{"inline_featured_image":false,"site-sidebar-layout":"default","site-content-layout":"","ast-site-content-layout":"default","site-content-style":"default","site-sidebar-style":"default","ast-global-header-display":"","ast-banner-title-visibility":"","ast-main-header-display":"","ast-hfb-above-header-display":"","ast-hfb-below-header-display":"","ast-hfb-mobile-header-display":"","site-post-title":"","ast-breadcrumbs-content":"","ast-featured-img":"","footer-sml-layout":"","theme-transparent-header-meta":"","adv-header-id-meta":"","stick-header-meta":"","header-above-stick-meta":"","header-main-stick-meta":"","header-below-stick-meta":"","astra-migrate-meta-layouts":"default","ast-page-background-enabled":"default","ast-page-background-meta":{"desktop":{"background-color":"var(--ast-global-color-4)","background-image":"","background-repeat":"repeat","background-position":"center center","background-size":"auto","background-attachment":"scroll","background-type":"","background-media":"","overlay-type":"","overlay-color":"","overlay-opacity":"","overlay-gradient":""},"tablet":{"background-color":"","background-image":"","background-repeat":"repeat","background-position":"center center","background-size":"auto","background-attachment":"scroll","background-type":"","background-media":"","overlay-type":"","overlay-color":"","overlay-opacity":"","overlay-gradient":""},"mobile":{"background-color":"","background-image":"","background-repeat":"repeat","background-position":"center center","background-size":"auto","background-attachment":"scroll","background-type":"","background-media":"","overlay-type":"","overlay-color":"","overlay-opacity":"","overlay-gradient":""}},"ast-content-background-meta":{"desktop":{"background-color":"var(--ast-global-color-5)","background-image":"","background-repeat":"repeat","background-position":"center center","background-size":"auto","background-attachment":"scroll","background-type":"","background-media":"","overlay-type":"","overlay-color":"","overlay-opacity":"","overlay-gradient":""},"tablet":{"background-color":"var(--ast-global-color-5)","background-image":"","background-repeat":"repeat","background-position":"center center","background-size":"auto","background-attachment":"scroll","background-type":"","background-media":"","overlay-type":"","overlay-color":"","overlay-opacity":"","overlay-gradient":""},"mobile":{"background-color":"var(--ast-global-color-5)","background-image":"","background-repeat":"repeat","background-position":"center center","background-size":"auto","background-attachment":"scroll","background-type":"","background-media":"","overlay-type":"","overlay-color":"","overlay-opacity":"","overlay-gradient":""}},"footnotes":""},"class_list":["post-190","page","type-page","status-publish","hentry"],"yoast_head":"<!-- This site is optimized with the Yoast SEO plugin v26.2 - https:\/\/yoast.com\/wordpress\/plugins\/seo\/ -->\n<title>Aarhus Odden Fahrplan - Aarhus-Odden DE<\/title>\n<meta name=\"description\" content=\"Sieh dir den vollst\u00e4ndigen Fahrplan Aarhus\u2013Odden mit t\u00e4glichen Abfahrten, Reisezeiten und Check-in-Infos an.\" \/>\n<meta name=\"robots\" content=\"index, follow, max-snippet:-1, max-image-preview:large, max-video-preview:-1\" \/>\n<link rel=\"canonical\" href=\"https:\/\/aarhus-odden.com\/de\/fahrplan\/\" \/>\n<meta property=\"og:locale\" content=\"de_DE\" \/>\n<meta property=\"og:type\" content=\"article\" \/>\n<meta property=\"og:title\" content=\"Aarhus Odden Fahrplan - Aarhus-Odden DE\" \/>\n<meta property=\"og:description\" content=\"Sieh dir den vollst\u00e4ndigen Fahrplan Aarhus\u2013Odden mit t\u00e4glichen Abfahrten, Reisezeiten und Check-in-Infos an.\" \/>\n<meta property=\"og:url\" content=\"https:\/\/aarhus-odden.com\/de\/fahrplan\/\" \/>\n<meta property=\"og:site_name\" content=\"Aarhus-Odden DE\" \/>\n<meta property=\"article:modified_time\" content=\"2025-07-15T09:19:00+00:00\" \/>\n<meta name=\"twitter:card\" content=\"summary_large_image\" \/>\n<meta name=\"twitter:label1\" content=\"Gesch\u00e4tzte Lesezeit\" \/>\n\t<meta name=\"twitter:data1\" content=\"2\u00a0Minuten\" \/>\n<script type=\"application\/ld+json\" class=\"yoast-schema-graph\">{\"@context\":\"https:\/\/schema.org\",\"@graph\":[{\"@type\":\"WebPage\",\"@id\":\"https:\/\/aarhus-odden.com\/de\/fahrplan\/\",\"url\":\"https:\/\/aarhus-odden.com\/de\/fahrplan\/\",\"name\":\"Aarhus Odden Fahrplan - Aarhus-Odden DE\",\"isPartOf\":{\"@id\":\"https:\/\/aarhus-odden.com\/de\/#website\"},\"datePublished\":\"2025-06-30T12:49:18+00:00\",\"dateModified\":\"2025-07-15T09:19:00+00:00\",\"description\":\"Sieh dir den vollst\u00e4ndigen Fahrplan Aarhus\u2013Odden mit t\u00e4glichen Abfahrten, Reisezeiten und Check-in-Infos an.\",\"breadcrumb\":{\"@id\":\"https:\/\/aarhus-odden.com\/de\/fahrplan\/#breadcrumb\"},\"inLanguage\":\"de\",\"potentialAction\":[{\"@type\":\"ReadAction\",\"target\":[\"https:\/\/aarhus-odden.com\/de\/fahrplan\/\"]}]},{\"@type\":\"BreadcrumbList\",\"@id\":\"https:\/\/aarhus-odden.com\/de\/fahrplan\/#breadcrumb\",\"itemListElement\":[{\"@type\":\"ListItem\",\"position\":1,\"name\":\"Home\",\"item\":\"https:\/\/aarhus-odden.com\/de\/\"},{\"@type\":\"ListItem\",\"position\":2,\"name\":\"Aarhus Odden Fahrplan\"}]},{\"@type\":\"WebSite\",\"@id\":\"https:\/\/aarhus-odden.com\/de\/#website\",\"url\":\"https:\/\/aarhus-odden.com\/de\/\",\"name\":\"Aarhus-Odden DE\",\"description\":\"Der internationale Guide f\u00fcr die F\u00e4hre Aarhus  Odden\",\"publisher\":{\"@id\":\"https:\/\/aarhus-odden.com\/de\/#organization\"},\"potentialAction\":[{\"@type\":\"SearchAction\",\"target\":{\"@type\":\"EntryPoint\",\"urlTemplate\":\"https:\/\/aarhus-odden.com\/de\/?s={search_term_string}\"},\"query-input\":{\"@type\":\"PropertyValueSpecification\",\"valueRequired\":true,\"valueName\":\"search_term_string\"}}],\"inLanguage\":\"de\"},{\"@type\":\"Organization\",\"@id\":\"https:\/\/aarhus-odden.com\/de\/#organization\",\"name\":\"Aarhus-Odden DE\",\"url\":\"https:\/\/aarhus-odden.com\/de\/\",\"logo\":{\"@type\":\"ImageObject\",\"inLanguage\":\"de\",\"@id\":\"https:\/\/aarhus-odden.com\/de\/#\/schema\/logo\/image\/\",\"url\":\"https:\/\/aarhus-odden.com\/de\/wp-content\/uploads\/sites\/3\/2025\/06\/aarhus-odden-logo.png\",\"contentUrl\":\"https:\/\/aarhus-odden.com\/de\/wp-content\/uploads\/sites\/3\/2025\/06\/aarhus-odden-logo.png\",\"width\":706,\"height\":125,\"caption\":\"Aarhus-Odden DE\"},\"image\":{\"@id\":\"https:\/\/aarhus-odden.com\/de\/#\/schema\/logo\/image\/\"}}]}<\/script>\n<!-- \/ Yoast SEO plugin. -->","yoast_head_json":{"title":"Aarhus Odden Fahrplan - Aarhus-Odden DE","description":"Sieh dir den vollst\u00e4ndigen Fahrplan Aarhus\u2013Odden mit t\u00e4glichen Abfahrten, Reisezeiten und Check-in-Infos an.","robots":{"index":"index","follow":"follow","max-snippet":"max-snippet:-1","max-image-preview":"max-image-preview:large","max-video-preview":"max-video-preview:-1"},"canonical":"https:\/\/aarhus-odden.com\/de\/fahrplan\/","og_locale":"de_DE","og_type":"article","og_title":"Aarhus Odden Fahrplan - Aarhus-Odden DE","og_description":"Sieh dir den vollst\u00e4ndigen Fahrplan Aarhus\u2013Odden mit t\u00e4glichen Abfahrten, Reisezeiten und Check-in-Infos an.","og_url":"https:\/\/aarhus-odden.com\/de\/fahrplan\/","og_site_name":"Aarhus-Odden DE","article_modified_time":"2025-07-15T09:19:00+00:00","twitter_card":"summary_large_image","twitter_misc":{"Gesch\u00e4tzte Lesezeit":"2\u00a0Minuten"},"schema":{"@context":"https:\/\/schema.org","@graph":[{"@type":"WebPage","@id":"https:\/\/aarhus-odden.com\/de\/fahrplan\/","url":"https:\/\/aarhus-odden.com\/de\/fahrplan\/","name":"Aarhus Odden Fahrplan - Aarhus-Odden DE","isPartOf":{"@id":"https:\/\/aarhus-odden.com\/de\/#website"},"datePublished":"2025-06-30T12:49:18+00:00","dateModified":"2025-07-15T09:19:00+00:00","description":"Sieh dir den vollst\u00e4ndigen Fahrplan Aarhus\u2013Odden mit t\u00e4glichen Abfahrten, Reisezeiten und Check-in-Infos an.","breadcrumb":{"@id":"https:\/\/aarhus-odden.com\/de\/fahrplan\/#breadcrumb"},"inLanguage":"de","potentialAction":[{"@type":"ReadAction","target":["https:\/\/aarhus-odden.com\/de\/fahrplan\/"]}]},{"@type":"BreadcrumbList","@id":"https:\/\/aarhus-odden.com\/de\/fahrplan\/#breadcrumb","itemListElement":[{"@type":"ListItem","position":1,"name":"Home","item":"https:\/\/aarhus-odden.com\/de\/"},{"@type":"ListItem","position":2,"name":"Aarhus Odden Fahrplan"}]},{"@type":"WebSite","@id":"https:\/\/aarhus-odden.com\/de\/#website","url":"https:\/\/aarhus-odden.com\/de\/","name":"Aarhus-Odden DE","description":"Der internationale Guide f\u00fcr die F\u00e4hre Aarhus  Odden","publisher":{"@id":"https:\/\/aarhus-odden.com\/de\/#organization"},"potentialAction":[{"@type":"SearchAction","target":{"@type":"EntryPoint","urlTemplate":"https:\/\/aarhus-odden.com\/de\/?s={search_term_string}"},"query-input":{"@type":"PropertyValueSpecification","valueRequired":true,"valueName":"search_term_string"}}],"inLanguage":"de"},{"@type":"Organization","@id":"https:\/\/aarhus-odden.com\/de\/#organization","name":"Aarhus-Odden DE","url":"https:\/\/aarhus-odden.com\/de\/","logo":{"@type":"ImageObject","inLanguage":"de","@id":"https:\/\/aarhus-odden.com\/de\/#\/schema\/logo\/image\/","url":"https:\/\/aarhus-odden.com\/de\/wp-content\/uploads\/sites\/3\/2025\/06\/aarhus-odden-logo.png","contentUrl":"https:\/\/aarhus-odden.com\/de\/wp-content\/uploads\/sites\/3\/2025\/06\/aarhus-odden-logo.png","width":706,"height":125,"caption":"Aarhus-Odden DE"},"image":{"@id":"https:\/\/aarhus-odden.com\/de\/#\/schema\/logo\/image\/"}}]}},"_links":{"self":[{"href":"https:\/\/aarhus-odden.com\/de\/wp-json\/wp\/v2\/pages\/190","targetHints":{"allow":["GET"]}}],"collection":[{"href":"https:\/\/aarhus-odden.com\/de\/wp-json\/wp\/v2\/pages"}],"about":[{"href":"https:\/\/aarhus-odden.com\/de\/wp-json\/wp\/v2\/types\/page"}],"author":[{"embeddable":true,"href":"https:\/\/aarhus-odden.com\/de\/wp-json\/wp\/v2\/users\/1"}],"replies":[{"embeddable":true,"href":"https:\/\/aarhus-odden.com\/de\/wp-json\/wp\/v2\/comments?post=190"}],"version-history":[{"count":3,"href":"https:\/\/aarhus-odden.com\/de\/wp-json\/wp\/v2\/pages\/190\/revisions"}],"predecessor-version":[{"id":261,"href":"https:\/\/aarhus-odden.com\/de\/wp-json\/wp\/v2\/pages\/190\/revisions\/261"}],"wp:attachment":[{"href":"https:\/\/aarhus-odden.com\/de\/wp-json\/wp\/v2\/media?parent=190"}],"curies":[{"name":"wp","href":"https:\/\/api.w.org\/{rel}","templated":true}]}}