{"id":189,"date":"2025-06-30T12:49:18","date_gmt":"2025-06-30T12:49:18","guid":{"rendered":"http:\/\/nl"},"modified":"2025-07-15T09:24:42","modified_gmt":"2025-07-15T09:24:42","slug":"preise","status":"publish","type":"page","link":"https:\/\/aarhus-odden.com\/de\/preise\/","title":{"rendered":"Aarhus Odden: Preise &#038; Tickets"},"content":{"rendered":"\n<h2 class=\"wp-block-heading\">Tickets f\u00fcr Fu\u00dfpassagiere<\/h2>\n\n\n\n<ul class=\"wp-block-list\">\n<li><strong>Einfach<\/strong>: ab ca. 20 EUR (ca. 150 DKK)<\/li>\n\n\n\n<li><strong>Hin und zur\u00fcck<\/strong>: ca. 40 EUR gesamt (ca. 300 DKK)<\/li>\n<\/ul>\n\n\n\n<h2 class=\"wp-block-heading\">Auto mit Fahrer<\/h2>\n\n\n\n<p><em>(Der Preis bleibt gleich, auch wenn du zus\u00e4tzliche Fahrer zur Buchung hinzuf\u00fcgst)<\/em><\/p>\n\n\n\n<ul class=\"wp-block-list\">\n<li><strong>Einfach<\/strong>: ab ca. 70 EUR (ca. 500 DKK)<\/li>\n\n\n\n<li><strong>Hin und zur\u00fcck<\/strong>: ca. 140 EUR, kann aber je nach Auslastung am Tag bis auf 270 EUR steigen (ca. 1000 DKK)<\/li>\n<\/ul>\n\n\n\n<p>Auff\u00e4llig ist, dass es keinen Rabatt gibt, wenn man direkt ein Hin- und R\u00fcckfahrticket bucht; es sind einfach zwei einzelne Tickets.<\/p>\n\n\n\n<p><strong>Fr\u00fch buchen kann die F\u00e4hrpreise senken<\/strong>, vor allem bei Autotickets.<\/p>\n\n\n\n<figure class=\"wp-block-pullquote\"><blockquote><p>Du kannst diese Strecke auch \u00fcber <a href=\"https:\/\/aarhus-odden.com\/de\/go\/book\">Directferries.de<\/a> buchen, wenn du alle Buchungen auf einer Website haben m\u00f6chtest.<\/p><cite>Aarhus-Odden.com<\/cite><\/blockquote><\/figure>\n\n\n\n<figure class=\"wp-block-image size-large\"><img decoding=\"async\" src=\"https:\/\/aarhus-odden.com\/wp-content\/uploads\/2025\/06\/aarhus-odden-1024x206.png\" alt=\"aarhus odden ticket\" class=\"wp-image-423\"\/><\/figure>\n","protected":false},"excerpt":{"rendered":"<p>Tickets f\u00fcr Fu\u00dfpassagiere Auto mit Fahrer (Der Preis bleibt gleich, auch wenn du zus\u00e4tzliche Fahrer zur Buchung hinzuf\u00fcgst) Auff\u00e4llig ist, [&hellip;]<\/p>\n","protected":false},"author":1,"featured_media":0,"parent":0,"menu_order":0,"comment_status":"closed","ping_status":"closed","template":"","meta":{"inline_featured_image":false,"site-sidebar-layout":"default","site-content-layout":"","ast-site-content-layout":"default","site-content-style":"default","site-sidebar-style":"default","ast-global-header-display":"","ast-banner-title-visibility":"","ast-main-header-display":"","ast-hfb-above-header-display":"","ast-hfb-below-header-display":"","ast-hfb-mobile-header-display":"","site-post-title":"","ast-breadcrumbs-content":"","ast-featured-img":"","footer-sml-layout":"","theme-transparent-header-meta":"","adv-header-id-meta":"","stick-header-meta":"","header-above-stick-meta":"","header-main-stick-meta":"","header-below-stick-meta":"","astra-migrate-meta-layouts":"default","ast-page-background-enabled":"default","ast-page-background-meta":{"desktop":{"background-color":"var(--ast-global-color-4)","background-image":"","background-repeat":"repeat","background-position":"center center","background-size":"auto","background-attachment":"scroll","background-type":"","background-media":"","overlay-type":"","overlay-color":"","overlay-opacity":"","overlay-gradient":""},"tablet":{"background-color":"","background-image":"","background-repeat":"repeat","background-position":"center center","background-size":"auto","background-attachment":"scroll","background-type":"","background-media":"","overlay-type":"","overlay-color":"","overlay-opacity":"","overlay-gradient":""},"mobile":{"background-color":"","background-image":"","background-repeat":"repeat","background-position":"center center","background-size":"auto","background-attachment":"scroll","background-type":"","background-media":"","overlay-type":"","overlay-color":"","overlay-opacity":"","overlay-gradient":""}},"ast-content-background-meta":{"desktop":{"background-color":"var(--ast-global-color-5)","background-image":"","background-repeat":"repeat","background-position":"center center","background-size":"auto","background-attachment":"scroll","background-type":"","background-media":"","overlay-type":"","overlay-color":"","overlay-opacity":"","overlay-gradient":""},"tablet":{"background-color":"var(--ast-global-color-5)","background-image":"","background-repeat":"repeat","background-position":"center center","background-size":"auto","background-attachment":"scroll","background-type":"","background-media":"","overlay-type":"","overlay-color":"","overlay-opacity":"","overlay-gradient":""},"mobile":{"background-color":"var(--ast-global-color-5)","background-image":"","background-repeat":"repeat","background-position":"center center","background-size":"auto","background-attachment":"scroll","background-type":"","background-media":"","overlay-type":"","overlay-color":"","overlay-opacity":"","overlay-gradient":""}},"footnotes":""},"class_list":["post-189","page","type-page","status-publish","hentry"],"yoast_head":"<!-- This site is optimized with the Yoast SEO plugin v26.2 - https:\/\/yoast.com\/wordpress\/plugins\/seo\/ -->\n<title>Aarhus Odden: Preise &amp; Tickets - Aarhus-Odden DE<\/title>\n<meta name=\"description\" content=\"Vergleiche F\u00e4hrpreise und Tickets zwischen Aarhus und Odden f\u00fcr Fu\u00dfpassagiere und Autos, einfache Fahrt und Hin- und R\u00fcckfahrt.\" \/>\n<meta name=\"robots\" content=\"index, follow, max-snippet:-1, max-image-preview:large, max-video-preview:-1\" \/>\n<link rel=\"canonical\" href=\"https:\/\/aarhus-odden.com\/de\/preise\/\" \/>\n<meta property=\"og:locale\" content=\"de_DE\" \/>\n<meta property=\"og:type\" content=\"article\" \/>\n<meta property=\"og:title\" content=\"Aarhus Odden: Preise &amp; Tickets - Aarhus-Odden DE\" \/>\n<meta property=\"og:description\" content=\"Vergleiche F\u00e4hrpreise und Tickets zwischen Aarhus und Odden f\u00fcr Fu\u00dfpassagiere und Autos, einfache Fahrt und Hin- und R\u00fcckfahrt.\" \/>\n<meta property=\"og:url\" content=\"https:\/\/aarhus-odden.com\/de\/preise\/\" \/>\n<meta property=\"og:site_name\" content=\"Aarhus-Odden DE\" \/>\n<meta property=\"article:modified_time\" content=\"2025-07-15T09:24:42+00:00\" \/>\n<meta name=\"twitter:card\" content=\"summary_large_image\" \/>\n<meta name=\"twitter:label1\" content=\"Gesch\u00e4tzte Lesezeit\" \/>\n\t<meta name=\"twitter:data1\" content=\"1\u00a0Minute\" \/>\n<script type=\"application\/ld+json\" class=\"yoast-schema-graph\">{\"@context\":\"https:\/\/schema.org\",\"@graph\":[{\"@type\":\"WebPage\",\"@id\":\"https:\/\/aarhus-odden.com\/de\/preise\/\",\"url\":\"https:\/\/aarhus-odden.com\/de\/preise\/\",\"name\":\"Aarhus Odden: Preise & Tickets - Aarhus-Odden DE\",\"isPartOf\":{\"@id\":\"https:\/\/aarhus-odden.com\/de\/#website\"},\"primaryImageOfPage\":{\"@id\":\"https:\/\/aarhus-odden.com\/de\/preise\/#primaryimage\"},\"image\":{\"@id\":\"https:\/\/aarhus-odden.com\/de\/preise\/#primaryimage\"},\"thumbnailUrl\":\"https:\/\/aarhus-odden.com\/wp-content\/uploads\/2025\/06\/aarhus-odden-1024x206.png\",\"datePublished\":\"2025-06-30T12:49:18+00:00\",\"dateModified\":\"2025-07-15T09:24:42+00:00\",\"description\":\"Vergleiche F\u00e4hrpreise und Tickets zwischen Aarhus und Odden f\u00fcr Fu\u00dfpassagiere und Autos, einfache Fahrt und Hin- und R\u00fcckfahrt.\",\"breadcrumb\":{\"@id\":\"https:\/\/aarhus-odden.com\/de\/preise\/#breadcrumb\"},\"inLanguage\":\"de\",\"potentialAction\":[{\"@type\":\"ReadAction\",\"target\":[\"https:\/\/aarhus-odden.com\/de\/preise\/\"]}]},{\"@type\":\"ImageObject\",\"inLanguage\":\"de\",\"@id\":\"https:\/\/aarhus-odden.com\/de\/preise\/#primaryimage\",\"url\":\"https:\/\/aarhus-odden.com\/wp-content\/uploads\/2025\/06\/aarhus-odden-1024x206.png\",\"contentUrl\":\"https:\/\/aarhus-odden.com\/wp-content\/uploads\/2025\/06\/aarhus-odden-1024x206.png\"},{\"@type\":\"BreadcrumbList\",\"@id\":\"https:\/\/aarhus-odden.com\/de\/preise\/#breadcrumb\",\"itemListElement\":[{\"@type\":\"ListItem\",\"position\":1,\"name\":\"Home\",\"item\":\"https:\/\/aarhus-odden.com\/de\/\"},{\"@type\":\"ListItem\",\"position\":2,\"name\":\"Aarhus Odden: Preise &#038; Tickets\"}]},{\"@type\":\"WebSite\",\"@id\":\"https:\/\/aarhus-odden.com\/de\/#website\",\"url\":\"https:\/\/aarhus-odden.com\/de\/\",\"name\":\"Aarhus-Odden DE\",\"description\":\"Der internationale Guide f\u00fcr die F\u00e4hre Aarhus  Odden\",\"publisher\":{\"@id\":\"https:\/\/aarhus-odden.com\/de\/#organization\"},\"potentialAction\":[{\"@type\":\"SearchAction\",\"target\":{\"@type\":\"EntryPoint\",\"urlTemplate\":\"https:\/\/aarhus-odden.com\/de\/?s={search_term_string}\"},\"query-input\":{\"@type\":\"PropertyValueSpecification\",\"valueRequired\":true,\"valueName\":\"search_term_string\"}}],\"inLanguage\":\"de\"},{\"@type\":\"Organization\",\"@id\":\"https:\/\/aarhus-odden.com\/de\/#organization\",\"name\":\"Aarhus-Odden DE\",\"url\":\"https:\/\/aarhus-odden.com\/de\/\",\"logo\":{\"@type\":\"ImageObject\",\"inLanguage\":\"de\",\"@id\":\"https:\/\/aarhus-odden.com\/de\/#\/schema\/logo\/image\/\",\"url\":\"https:\/\/aarhus-odden.com\/de\/wp-content\/uploads\/sites\/3\/2025\/06\/aarhus-odden-logo.png\",\"contentUrl\":\"https:\/\/aarhus-odden.com\/de\/wp-content\/uploads\/sites\/3\/2025\/06\/aarhus-odden-logo.png\",\"width\":706,\"height\":125,\"caption\":\"Aarhus-Odden DE\"},\"image\":{\"@id\":\"https:\/\/aarhus-odden.com\/de\/#\/schema\/logo\/image\/\"}}]}<\/script>\n<!-- \/ Yoast SEO plugin. -->","yoast_head_json":{"title":"Aarhus Odden: Preise & Tickets - Aarhus-Odden DE","description":"Vergleiche F\u00e4hrpreise und Tickets zwischen Aarhus und Odden f\u00fcr Fu\u00dfpassagiere und Autos, einfache Fahrt und Hin- und R\u00fcckfahrt.","robots":{"index":"index","follow":"follow","max-snippet":"max-snippet:-1","max-image-preview":"max-image-preview:large","max-video-preview":"max-video-preview:-1"},"canonical":"https:\/\/aarhus-odden.com\/de\/preise\/","og_locale":"de_DE","og_type":"article","og_title":"Aarhus Odden: Preise & Tickets - Aarhus-Odden DE","og_description":"Vergleiche F\u00e4hrpreise und Tickets zwischen Aarhus und Odden f\u00fcr Fu\u00dfpassagiere und Autos, einfache Fahrt und Hin- und R\u00fcckfahrt.","og_url":"https:\/\/aarhus-odden.com\/de\/preise\/","og_site_name":"Aarhus-Odden DE","article_modified_time":"2025-07-15T09:24:42+00:00","twitter_card":"summary_large_image","twitter_misc":{"Gesch\u00e4tzte Lesezeit":"1\u00a0Minute"},"schema":{"@context":"https:\/\/schema.org","@graph":[{"@type":"WebPage","@id":"https:\/\/aarhus-odden.com\/de\/preise\/","url":"https:\/\/aarhus-odden.com\/de\/preise\/","name":"Aarhus Odden: Preise & Tickets - Aarhus-Odden DE","isPartOf":{"@id":"https:\/\/aarhus-odden.com\/de\/#website"},"primaryImageOfPage":{"@id":"https:\/\/aarhus-odden.com\/de\/preise\/#primaryimage"},"image":{"@id":"https:\/\/aarhus-odden.com\/de\/preise\/#primaryimage"},"thumbnailUrl":"https:\/\/aarhus-odden.com\/wp-content\/uploads\/2025\/06\/aarhus-odden-1024x206.png","datePublished":"2025-06-30T12:49:18+00:00","dateModified":"2025-07-15T09:24:42+00:00","description":"Vergleiche F\u00e4hrpreise und Tickets zwischen Aarhus und Odden f\u00fcr Fu\u00dfpassagiere und Autos, einfache Fahrt und Hin- und R\u00fcckfahrt.","breadcrumb":{"@id":"https:\/\/aarhus-odden.com\/de\/preise\/#breadcrumb"},"inLanguage":"de","potentialAction":[{"@type":"ReadAction","target":["https:\/\/aarhus-odden.com\/de\/preise\/"]}]},{"@type":"ImageObject","inLanguage":"de","@id":"https:\/\/aarhus-odden.com\/de\/preise\/#primaryimage","url":"https:\/\/aarhus-odden.com\/wp-content\/uploads\/2025\/06\/aarhus-odden-1024x206.png","contentUrl":"https:\/\/aarhus-odden.com\/wp-content\/uploads\/2025\/06\/aarhus-odden-1024x206.png"},{"@type":"BreadcrumbList","@id":"https:\/\/aarhus-odden.com\/de\/preise\/#breadcrumb","itemListElement":[{"@type":"ListItem","position":1,"name":"Home","item":"https:\/\/aarhus-odden.com\/de\/"},{"@type":"ListItem","position":2,"name":"Aarhus Odden: Preise &#038; Tickets"}]},{"@type":"WebSite","@id":"https:\/\/aarhus-odden.com\/de\/#website","url":"https:\/\/aarhus-odden.com\/de\/","name":"Aarhus-Odden DE","description":"Der internationale Guide f\u00fcr die F\u00e4hre Aarhus  Odden","publisher":{"@id":"https:\/\/aarhus-odden.com\/de\/#organization"},"potentialAction":[{"@type":"SearchAction","target":{"@type":"EntryPoint","urlTemplate":"https:\/\/aarhus-odden.com\/de\/?s={search_term_string}"},"query-input":{"@type":"PropertyValueSpecification","valueRequired":true,"valueName":"search_term_string"}}],"inLanguage":"de"},{"@type":"Organization","@id":"https:\/\/aarhus-odden.com\/de\/#organization","name":"Aarhus-Odden DE","url":"https:\/\/aarhus-odden.com\/de\/","logo":{"@type":"ImageObject","inLanguage":"de","@id":"https:\/\/aarhus-odden.com\/de\/#\/schema\/logo\/image\/","url":"https:\/\/aarhus-odden.com\/de\/wp-content\/uploads\/sites\/3\/2025\/06\/aarhus-odden-logo.png","contentUrl":"https:\/\/aarhus-odden.com\/de\/wp-content\/uploads\/sites\/3\/2025\/06\/aarhus-odden-logo.png","width":706,"height":125,"caption":"Aarhus-Odden DE"},"image":{"@id":"https:\/\/aarhus-odden.com\/de\/#\/schema\/logo\/image\/"}}]}},"_links":{"self":[{"href":"https:\/\/aarhus-odden.com\/de\/wp-json\/wp\/v2\/pages\/189","targetHints":{"allow":["GET"]}}],"collection":[{"href":"https:\/\/aarhus-odden.com\/de\/wp-json\/wp\/v2\/pages"}],"about":[{"href":"https:\/\/aarhus-odden.com\/de\/wp-json\/wp\/v2\/types\/page"}],"author":[{"embeddable":true,"href":"https:\/\/aarhus-odden.com\/de\/wp-json\/wp\/v2\/users\/1"}],"replies":[{"embeddable":true,"href":"https:\/\/aarhus-odden.com\/de\/wp-json\/wp\/v2\/comments?post=189"}],"version-history":[{"count":4,"href":"https:\/\/aarhus-odden.com\/de\/wp-json\/wp\/v2\/pages\/189\/revisions"}],"predecessor-version":[{"id":263,"href":"https:\/\/aarhus-odden.com\/de\/wp-json\/wp\/v2\/pages\/189\/revisions\/263"}],"wp:attachment":[{"href":"https:\/\/aarhus-odden.com\/de\/wp-json\/wp\/v2\/media?parent=189"}],"curies":[{"name":"wp","href":"https:\/\/api.w.org\/{rel}","templated":true}]}}