{"id":187,"date":"2025-06-30T12:49:18","date_gmt":"2025-06-30T12:49:18","guid":{"rendered":"http:\/\/nl"},"modified":"2025-07-14T14:28:32","modified_gmt":"2025-07-14T14:28:32","slug":"aarhus","status":"publish","type":"page","link":"https:\/\/aarhus-odden.com\/de\/aarhus\/","title":{"rendered":"Hafen Aarhus"},"content":{"rendered":" <p>Die \u00dcberfahrt zwischen Aarhus und dem <a href=\"https:\/\/aarhus-odden.com\/de\/odden\/\">Hafen von Odden<\/a> startet mehrmals t\u00e4glich vom Hafen in Aarhus.<\/p>   <h2 class=\"wp-block-heading\">Einrichtungen im Hafen<\/h2>   <p>Eine \u00dcbersicht der Einrichtungen im Hafen:<\/p>   <ul class=\"wp-block-list\"> <li>\u00dcberdachter Warteraum<\/li>   <li>Ticketautomaten und Check-in-S\u00e4ulen<\/li>   <li>Toiletten und Getr\u00e4nkeautomaten<\/li>   <li>Kurzzeitparkpl\u00e4tze und Absetzbereich<\/li> <\/ul>   <h2 class=\"wp-block-heading\">Adresse und Kontaktdaten des Hafens<\/h2>   <p>Hier findest du die Adresse und Kontaktdaten des Molslinjen-Terminals in Aarhus.<\/p>   <h3 class=\"wp-block-heading\"><strong>Allgemeine Adressdaten<\/strong><\/h3>   <ul class=\"wp-block-list\"> <li><strong>Adresse:<\/strong> F\u00e6rgevej 7, 8000 Aarhus C, D\u00e4nemark<\/li>   <li><strong>Website:<\/strong> <a href=\"https:\/\/molslinjen.dk\" target=\"_blank\" rel=\"noreferrer noopener\">\u2197 Molslinjen.dk<\/a><\/li>   <li><strong>Telefonnummer:<\/strong> +45 70 10 14 18<\/li> <\/ul>   <p><strong>Parken am Hafen, verwaltet von Q\u2011Park<\/strong><br>Bezahltes Parken ist direkt am Molslinjen-Terminal (F\u00e6rgevej\u202f7A, 8000 Aarhus) m\u00f6glich. Dies wird von Q\u2011Park verwaltet. Bei Fragen oder Meldungen wende dich bitte an +45\u202f70\u202f25\u202f72\u202f13.<\/p>   <p>Falls der Terminalparkplatz voll ist, kannst du nahegelegene Parkh\u00e4user wie Dokk1 (automatisches unterirdisches Parkhaus mit 1000 Pl\u00e4tzen), Bruuns Galleri oder Navitas nutzen. Diese liegen etwa 5 bis 10 Gehminuten von der F\u00e4hrterminal entfernt.<\/p> ","protected":false},"excerpt":{"rendered":"<p>Die \u00dcberfahrt zwischen Aarhus und dem Hafen von Odden startet mehrmals t\u00e4glich vom Hafen in Aarhus. Einrichtungen im Hafen Eine [&hellip;]<\/p>\n","protected":false},"author":1,"featured_media":0,"parent":0,"menu_order":0,"comment_status":"closed","ping_status":"closed","template":"","meta":{"inline_featured_image":false,"site-sidebar-layout":"default","site-content-layout":"","ast-site-content-layout":"default","site-content-style":"default","site-sidebar-style":"default","ast-global-header-display":"","ast-banner-title-visibility":"","ast-main-header-display":"","ast-hfb-above-header-display":"","ast-hfb-below-header-display":"","ast-hfb-mobile-header-display":"","site-post-title":"","ast-breadcrumbs-content":"","ast-featured-img":"","footer-sml-layout":"","theme-transparent-header-meta":"","adv-header-id-meta":"","stick-header-meta":"","header-above-stick-meta":"","header-main-stick-meta":"","header-below-stick-meta":"","astra-migrate-meta-layouts":"default","ast-page-background-enabled":"default","ast-page-background-meta":{"desktop":{"background-color":"var(--ast-global-color-4)","background-image":"","background-repeat":"repeat","background-position":"center center","background-size":"auto","background-attachment":"scroll","background-type":"","background-media":"","overlay-type":"","overlay-color":"","overlay-opacity":"","overlay-gradient":""},"tablet":{"background-color":"","background-image":"","background-repeat":"repeat","background-position":"center center","background-size":"auto","background-attachment":"scroll","background-type":"","background-media":"","overlay-type":"","overlay-color":"","overlay-opacity":"","overlay-gradient":""},"mobile":{"background-color":"","background-image":"","background-repeat":"repeat","background-position":"center center","background-size":"auto","background-attachment":"scroll","background-type":"","background-media":"","overlay-type":"","overlay-color":"","overlay-opacity":"","overlay-gradient":""}},"ast-content-background-meta":{"desktop":{"background-color":"var(--ast-global-color-5)","background-image":"","background-repeat":"repeat","background-position":"center center","background-size":"auto","background-attachment":"scroll","background-type":"","background-media":"","overlay-type":"","overlay-color":"","overlay-opacity":"","overlay-gradient":""},"tablet":{"background-color":"var(--ast-global-color-5)","background-image":"","background-repeat":"repeat","background-position":"center center","background-size":"auto","background-attachment":"scroll","background-type":"","background-media":"","overlay-type":"","overlay-color":"","overlay-opacity":"","overlay-gradient":""},"mobile":{"background-color":"var(--ast-global-color-5)","background-image":"","background-repeat":"repeat","background-position":"center center","background-size":"auto","background-attachment":"scroll","background-type":"","background-media":"","overlay-type":"","overlay-color":"","overlay-opacity":"","overlay-gradient":""}},"footnotes":""},"class_list":["post-187","page","type-page","status-publish","hentry"],"yoast_head":"<!-- This site is optimized with the Yoast SEO plugin v26.2 - https:\/\/yoast.com\/wordpress\/plugins\/seo\/ -->\n<title>Parking at Aarhus Ferry Terminal \u2013 Info, Prices &amp; Nearby Options<\/title>\n<meta name=\"description\" content=\"Finde Parkpl\u00e4tze am F\u00e4hrterminal Aarhus. Sieh dir Preise, Zahlungsmethoden, Ladestationen und Tipps f\u00fcr entspanntes Boarding an.\" \/>\n<meta name=\"robots\" content=\"index, follow, max-snippet:-1, max-image-preview:large, max-video-preview:-1\" \/>\n<link rel=\"canonical\" href=\"https:\/\/aarhus-odden.com\/de\/aarhus\/\" \/>\n<meta property=\"og:locale\" content=\"de_DE\" \/>\n<meta property=\"og:type\" content=\"article\" \/>\n<meta property=\"og:title\" content=\"Parking at Aarhus Ferry Terminal \u2013 Info, Prices &amp; Nearby Options\" \/>\n<meta property=\"og:description\" content=\"Finde Parkpl\u00e4tze am F\u00e4hrterminal Aarhus. Sieh dir Preise, Zahlungsmethoden, Ladestationen und Tipps f\u00fcr entspanntes Boarding an.\" \/>\n<meta property=\"og:url\" content=\"https:\/\/aarhus-odden.com\/de\/aarhus\/\" \/>\n<meta property=\"og:site_name\" content=\"Aarhus-Odden DE\" \/>\n<meta property=\"article:modified_time\" content=\"2025-07-14T14:28:32+00:00\" \/>\n<meta name=\"twitter:card\" content=\"summary_large_image\" \/>\n<meta name=\"twitter:label1\" content=\"Gesch\u00e4tzte Lesezeit\" \/>\n\t<meta name=\"twitter:data1\" content=\"1\u00a0Minute\" \/>\n<script type=\"application\/ld+json\" class=\"yoast-schema-graph\">{\"@context\":\"https:\/\/schema.org\",\"@graph\":[{\"@type\":\"WebPage\",\"@id\":\"https:\/\/aarhus-odden.com\/de\/aarhus\/\",\"url\":\"https:\/\/aarhus-odden.com\/de\/aarhus\/\",\"name\":\"Parking at Aarhus Ferry Terminal \u2013 Info, Prices & Nearby Options\",\"isPartOf\":{\"@id\":\"https:\/\/aarhus-odden.com\/de\/#website\"},\"datePublished\":\"2025-06-30T12:49:18+00:00\",\"dateModified\":\"2025-07-14T14:28:32+00:00\",\"description\":\"Finde Parkpl\u00e4tze am F\u00e4hrterminal Aarhus. Sieh dir Preise, Zahlungsmethoden, Ladestationen und Tipps f\u00fcr entspanntes Boarding an.\",\"breadcrumb\":{\"@id\":\"https:\/\/aarhus-odden.com\/de\/aarhus\/#breadcrumb\"},\"inLanguage\":\"de\",\"potentialAction\":[{\"@type\":\"ReadAction\",\"target\":[\"https:\/\/aarhus-odden.com\/de\/aarhus\/\"]}]},{\"@type\":\"BreadcrumbList\",\"@id\":\"https:\/\/aarhus-odden.com\/de\/aarhus\/#breadcrumb\",\"itemListElement\":[{\"@type\":\"ListItem\",\"position\":1,\"name\":\"Home\",\"item\":\"https:\/\/aarhus-odden.com\/de\/\"},{\"@type\":\"ListItem\",\"position\":2,\"name\":\"Hafen Aarhus\"}]},{\"@type\":\"WebSite\",\"@id\":\"https:\/\/aarhus-odden.com\/de\/#website\",\"url\":\"https:\/\/aarhus-odden.com\/de\/\",\"name\":\"Aarhus-Odden DE\",\"description\":\"Der internationale Guide f\u00fcr die F\u00e4hre Aarhus  Odden\",\"publisher\":{\"@id\":\"https:\/\/aarhus-odden.com\/de\/#organization\"},\"potentialAction\":[{\"@type\":\"SearchAction\",\"target\":{\"@type\":\"EntryPoint\",\"urlTemplate\":\"https:\/\/aarhus-odden.com\/de\/?s={search_term_string}\"},\"query-input\":{\"@type\":\"PropertyValueSpecification\",\"valueRequired\":true,\"valueName\":\"search_term_string\"}}],\"inLanguage\":\"de\"},{\"@type\":\"Organization\",\"@id\":\"https:\/\/aarhus-odden.com\/de\/#organization\",\"name\":\"Aarhus-Odden DE\",\"url\":\"https:\/\/aarhus-odden.com\/de\/\",\"logo\":{\"@type\":\"ImageObject\",\"inLanguage\":\"de\",\"@id\":\"https:\/\/aarhus-odden.com\/de\/#\/schema\/logo\/image\/\",\"url\":\"https:\/\/aarhus-odden.com\/de\/wp-content\/uploads\/sites\/3\/2025\/06\/aarhus-odden-logo.png\",\"contentUrl\":\"https:\/\/aarhus-odden.com\/de\/wp-content\/uploads\/sites\/3\/2025\/06\/aarhus-odden-logo.png\",\"width\":706,\"height\":125,\"caption\":\"Aarhus-Odden DE\"},\"image\":{\"@id\":\"https:\/\/aarhus-odden.com\/de\/#\/schema\/logo\/image\/\"}}]}<\/script>\n<!-- \/ Yoast SEO plugin. -->","yoast_head_json":{"title":"Parking at Aarhus Ferry Terminal \u2013 Info, Prices & Nearby Options","description":"Finde Parkpl\u00e4tze am F\u00e4hrterminal Aarhus. Sieh dir Preise, Zahlungsmethoden, Ladestationen und Tipps f\u00fcr entspanntes Boarding an.","robots":{"index":"index","follow":"follow","max-snippet":"max-snippet:-1","max-image-preview":"max-image-preview:large","max-video-preview":"max-video-preview:-1"},"canonical":"https:\/\/aarhus-odden.com\/de\/aarhus\/","og_locale":"de_DE","og_type":"article","og_title":"Parking at Aarhus Ferry Terminal \u2013 Info, Prices & Nearby Options","og_description":"Finde Parkpl\u00e4tze am F\u00e4hrterminal Aarhus. Sieh dir Preise, Zahlungsmethoden, Ladestationen und Tipps f\u00fcr entspanntes Boarding an.","og_url":"https:\/\/aarhus-odden.com\/de\/aarhus\/","og_site_name":"Aarhus-Odden DE","article_modified_time":"2025-07-14T14:28:32+00:00","twitter_card":"summary_large_image","twitter_misc":{"Gesch\u00e4tzte Lesezeit":"1\u00a0Minute"},"schema":{"@context":"https:\/\/schema.org","@graph":[{"@type":"WebPage","@id":"https:\/\/aarhus-odden.com\/de\/aarhus\/","url":"https:\/\/aarhus-odden.com\/de\/aarhus\/","name":"Parking at Aarhus Ferry Terminal \u2013 Info, Prices & Nearby Options","isPartOf":{"@id":"https:\/\/aarhus-odden.com\/de\/#website"},"datePublished":"2025-06-30T12:49:18+00:00","dateModified":"2025-07-14T14:28:32+00:00","description":"Finde Parkpl\u00e4tze am F\u00e4hrterminal Aarhus. Sieh dir Preise, Zahlungsmethoden, Ladestationen und Tipps f\u00fcr entspanntes Boarding an.","breadcrumb":{"@id":"https:\/\/aarhus-odden.com\/de\/aarhus\/#breadcrumb"},"inLanguage":"de","potentialAction":[{"@type":"ReadAction","target":["https:\/\/aarhus-odden.com\/de\/aarhus\/"]}]},{"@type":"BreadcrumbList","@id":"https:\/\/aarhus-odden.com\/de\/aarhus\/#breadcrumb","itemListElement":[{"@type":"ListItem","position":1,"name":"Home","item":"https:\/\/aarhus-odden.com\/de\/"},{"@type":"ListItem","position":2,"name":"Hafen Aarhus"}]},{"@type":"WebSite","@id":"https:\/\/aarhus-odden.com\/de\/#website","url":"https:\/\/aarhus-odden.com\/de\/","name":"Aarhus-Odden DE","description":"Der internationale Guide f\u00fcr die F\u00e4hre Aarhus  Odden","publisher":{"@id":"https:\/\/aarhus-odden.com\/de\/#organization"},"potentialAction":[{"@type":"SearchAction","target":{"@type":"EntryPoint","urlTemplate":"https:\/\/aarhus-odden.com\/de\/?s={search_term_string}"},"query-input":{"@type":"PropertyValueSpecification","valueRequired":true,"valueName":"search_term_string"}}],"inLanguage":"de"},{"@type":"Organization","@id":"https:\/\/aarhus-odden.com\/de\/#organization","name":"Aarhus-Odden DE","url":"https:\/\/aarhus-odden.com\/de\/","logo":{"@type":"ImageObject","inLanguage":"de","@id":"https:\/\/aarhus-odden.com\/de\/#\/schema\/logo\/image\/","url":"https:\/\/aarhus-odden.com\/de\/wp-content\/uploads\/sites\/3\/2025\/06\/aarhus-odden-logo.png","contentUrl":"https:\/\/aarhus-odden.com\/de\/wp-content\/uploads\/sites\/3\/2025\/06\/aarhus-odden-logo.png","width":706,"height":125,"caption":"Aarhus-Odden DE"},"image":{"@id":"https:\/\/aarhus-odden.com\/de\/#\/schema\/logo\/image\/"}}]}},"_links":{"self":[{"href":"https:\/\/aarhus-odden.com\/de\/wp-json\/wp\/v2\/pages\/187","targetHints":{"allow":["GET"]}}],"collection":[{"href":"https:\/\/aarhus-odden.com\/de\/wp-json\/wp\/v2\/pages"}],"about":[{"href":"https:\/\/aarhus-odden.com\/de\/wp-json\/wp\/v2\/types\/page"}],"author":[{"embeddable":true,"href":"https:\/\/aarhus-odden.com\/de\/wp-json\/wp\/v2\/users\/1"}],"replies":[{"embeddable":true,"href":"https:\/\/aarhus-odden.com\/de\/wp-json\/wp\/v2\/comments?post=187"}],"version-history":[{"count":2,"href":"https:\/\/aarhus-odden.com\/de\/wp-json\/wp\/v2\/pages\/187\/revisions"}],"predecessor-version":[{"id":235,"href":"https:\/\/aarhus-odden.com\/de\/wp-json\/wp\/v2\/pages\/187\/revisions\/235"}],"wp:attachment":[{"href":"https:\/\/aarhus-odden.com\/de\/wp-json\/wp\/v2\/media?parent=187"}],"curies":[{"name":"wp","href":"https:\/\/api.w.org\/{rel}","templated":true}]}}