{"id":136,"date":"2024-04-30T11:51:11","date_gmt":"2024-04-30T11:51:11","guid":{"rendered":"https:\/\/aarhus-odden.com\/de\/?page_id=136"},"modified":"2025-07-15T09:31:25","modified_gmt":"2025-07-15T09:31:25","slug":"datenschutzerklarung","status":"publish","type":"page","link":"https:\/\/aarhus-odden.com\/de\/datenschutzerklarung\/","title":{"rendered":"Datenschutzerkl\u00e4rung"},"content":{"rendered":"\n<h2 class=\"wp-block-heading\">Wer sind wir<\/h2>\n\n\n\n<p>Unsere Website-Adresse lautet: <a href=\"https:\/\/aarhus-odden.com\/de\/\">https:\/\/aarhus-odden.com\/de\/<\/a><\/p>\n\n\n\n<h2 class=\"wp-block-heading\">Kommentare<\/h2>\n\n\n\n<p>Wenn Besucher Kommentare auf der Website hinterlassen, erfassen wir die im Kommentarformular angezeigten Daten sowie die IP-Adresse des Besuchers und den User-Agent-String des Browsers zur Spam-Erkennung.<\/p>\n\n\n\n<p>Wenn Sie diesen nutzen, kann eine aus Ihrer E-Mail-Adresse erstellte anonymisierte Zeichenfolge (auch Hash genannt) an den Gravatar-Dienst gesendet werden. Die Datenschutzrichtlinie des Gravatar-Dienstes finden Sie hier: https:\/\/automattic.com\/privacy\/. Nachdem Ihr Kommentar genehmigt wurde, wird Ihr Profilfoto im Kontext Ihres Kommentars \u00f6ffentlich sichtbar.<\/p>\n\n\n\n<h2 class=\"wp-block-heading\">Medien<\/h2>\n\n\n\n<p>Wenn Sie ein registrierter Benutzer sind und Bilder auf die Website hochladen, sollten Sie Bilder vermeiden, die EXIF-GPS-Standortdaten enthalten. Besucher der Website k\u00f6nnen die Bilder der Website herunterladen und die Standortinformationen anzeigen.<\/p>\n\n\n\n<h2 class=\"wp-block-heading\">Cookies<\/h2>\n\n\n\n<p>Wenn Sie einen Kommentar auf unserer Website hinterlassen, k\u00f6nnen Sie der Speicherung Ihres Namens, Ihrer E-Mail-Adresse und Ihrer Website in Cookies zustimmen. Wir tun dies f\u00fcr Sie, damit Sie diese Informationen nicht erneut eingeben m\u00fcssen, wenn Sie einen weiteren Kommentar hinterlassen. Diese Cookies sind ein Jahr g\u00fcltig.<\/p>\n\n\n\n<p>Wenn Sie unsere Anmeldeseite besuchen, speichern wir ein tempor\u00e4res Cookie, um zu pr\u00fcfen, ob Ihr Browser Cookies akzeptiert. Dieses Cookie enth\u00e4lt keine personenbezogenen Daten und wird gel\u00f6scht, wenn Sie Ihren Browser schlie\u00dfen.<\/p>\n\n\n\n<p>Sobald Sie sich anmelden, speichern wir einige Cookies im Zusammenhang mit Ihren Anmeldedaten und Bildschirmanzeigeoptionen. Anmelde-Cookies sind zwei Tage g\u00fcltig und Cookies f\u00fcr Bildschirmanzeigeoptionen sind ein Jahr g\u00fcltig. Wenn Sie \u201eAngemeldet bleiben\u201c ausw\u00e4hlen, bleibt Ihr Login zwei Wochen lang g\u00fcltig. Sobald Sie sich von Ihrem Konto abmelden, werden Anmeldecookies gel\u00f6scht.<\/p>\n\n\n\n<p>Wenn Sie eine Nachricht bearbeiten oder ver\u00f6ffentlichen, wird ein zus\u00e4tzlicher Cookie von Ihrem Browser gespeichert. Dieses Cookie enth\u00e4lt keine personenbezogenen Daten und enth\u00e4lt lediglich die Beitrags-ID des von Ihnen bearbeiteten Artikels. Dieses Cookie l\u00e4uft nach einem Tag ab.<\/p>\n\n\n\n<h2 class=\"wp-block-heading\">Eingebettete Inhalte von anderen Websites<\/h2>\n\n\n\n<p>Beitr\u00e4ge auf dieser Website k\u00f6nnen eingebettete Inhalte enthalten (z. B. Videos, Bilder, Nachrichten usw.). Eingebettete Inhalte von anderen Websites verhalten sich genauso, als ob der Besucher diese andere Website besucht h\u00e4tte.<\/p>\n\n\n\n<p>Diese Websites k\u00f6nnen Daten \u00fcber Sie sammeln, Cookies verwenden, zus\u00e4tzliches Tracking von Drittanbietern einbetten und Ihre Interaktion mit diesem eingebetteten Inhalt \u00fcberwachen, einschlie\u00dflich der Aufzeichnung Ihrer Interaktion mit dem eingebetteten Inhalt, wenn Sie \u00fcber ein Konto verf\u00fcgen und auf dieser Website angemeldet sind.<\/p>\n","protected":false},"excerpt":{"rendered":"<p>Wer sind wir Unsere Website-Adresse lautet: https:\/\/aarhus-odden.com\/de\/ Kommentare Wenn Besucher Kommentare auf der Website hinterlassen, erfassen wir die im Kommentarformular [&hellip;]<\/p>\n","protected":false},"author":2,"featured_media":0,"parent":0,"menu_order":0,"comment_status":"closed","ping_status":"closed","template":"","meta":{"inline_featured_image":false,"site-sidebar-layout":"default","site-content-layout":"","ast-site-content-layout":"default","site-content-style":"default","site-sidebar-style":"default","ast-global-header-display":"","ast-banner-title-visibility":"","ast-main-header-display":"","ast-hfb-above-header-display":"","ast-hfb-below-header-display":"","ast-hfb-mobile-header-display":"","site-post-title":"","ast-breadcrumbs-content":"","ast-featured-img":"","footer-sml-layout":"","theme-transparent-header-meta":"","adv-header-id-meta":"","stick-header-meta":"","header-above-stick-meta":"","header-main-stick-meta":"","header-below-stick-meta":"","astra-migrate-meta-layouts":"default","ast-page-background-enabled":"default","ast-page-background-meta":{"desktop":{"background-color":"var(--ast-global-color-4)","background-image":"","background-repeat":"repeat","background-position":"center center","background-size":"auto","background-attachment":"scroll","background-type":"","background-media":"","overlay-type":"","overlay-color":"","overlay-opacity":"","overlay-gradient":""},"tablet":{"background-color":"","background-image":"","background-repeat":"repeat","background-position":"center center","background-size":"auto","background-attachment":"scroll","background-type":"","background-media":"","overlay-type":"","overlay-color":"","overlay-opacity":"","overlay-gradient":""},"mobile":{"background-color":"","background-image":"","background-repeat":"repeat","background-position":"center center","background-size":"auto","background-attachment":"scroll","background-type":"","background-media":"","overlay-type":"","overlay-color":"","overlay-opacity":"","overlay-gradient":""}},"ast-content-background-meta":{"desktop":{"background-color":"var(--ast-global-color-5)","background-image":"","background-repeat":"repeat","background-position":"center center","background-size":"auto","background-attachment":"scroll","background-type":"","background-media":"","overlay-type":"","overlay-color":"","overlay-opacity":"","overlay-gradient":""},"tablet":{"background-color":"var(--ast-global-color-5)","background-image":"","background-repeat":"repeat","background-position":"center center","background-size":"auto","background-attachment":"scroll","background-type":"","background-media":"","overlay-type":"","overlay-color":"","overlay-opacity":"","overlay-gradient":""},"mobile":{"background-color":"var(--ast-global-color-5)","background-image":"","background-repeat":"repeat","background-position":"center center","background-size":"auto","background-attachment":"scroll","background-type":"","background-media":"","overlay-type":"","overlay-color":"","overlay-opacity":"","overlay-gradient":""}},"footnotes":""},"class_list":["post-136","page","type-page","status-publish","hentry"],"yoast_head":"<!-- This site is optimized with the Yoast SEO plugin v26.2 - https:\/\/yoast.com\/wordpress\/plugins\/seo\/ -->\n<title>Datenschutzerkl\u00e4rung - Aarhus-Odden DE<\/title>\n<meta name=\"description\" content=\"Erfahre, wie RostockTrelleborg.com personenbezogene Daten erh\u00e4lt, zu welchem Zweck und wie diese gesch\u00fctzt werden.\" \/>\n<meta name=\"robots\" content=\"index, follow, max-snippet:-1, max-image-preview:large, max-video-preview:-1\" \/>\n<link rel=\"canonical\" href=\"https:\/\/aarhus-odden.com\/de\/datenschutzerklarung\/\" \/>\n<meta property=\"og:locale\" content=\"de_DE\" \/>\n<meta property=\"og:type\" content=\"article\" \/>\n<meta property=\"og:title\" content=\"Datenschutzerkl\u00e4rung - Aarhus-Odden DE\" \/>\n<meta property=\"og:description\" content=\"Erfahre, wie RostockTrelleborg.com personenbezogene Daten erh\u00e4lt, zu welchem Zweck und wie diese gesch\u00fctzt werden.\" \/>\n<meta property=\"og:url\" content=\"https:\/\/aarhus-odden.com\/de\/datenschutzerklarung\/\" \/>\n<meta property=\"og:site_name\" content=\"Aarhus-Odden DE\" \/>\n<meta property=\"article:modified_time\" content=\"2025-07-15T09:31:25+00:00\" \/>\n<meta name=\"twitter:card\" content=\"summary_large_image\" \/>\n<meta name=\"twitter:label1\" content=\"Gesch\u00e4tzte Lesezeit\" \/>\n\t<meta name=\"twitter:data1\" content=\"2\u00a0Minuten\" \/>\n<script type=\"application\/ld+json\" class=\"yoast-schema-graph\">{\"@context\":\"https:\/\/schema.org\",\"@graph\":[{\"@type\":\"WebPage\",\"@id\":\"https:\/\/aarhus-odden.com\/de\/datenschutzerklarung\/\",\"url\":\"https:\/\/aarhus-odden.com\/de\/datenschutzerklarung\/\",\"name\":\"Datenschutzerkl\u00e4rung - Aarhus-Odden DE\",\"isPartOf\":{\"@id\":\"https:\/\/aarhus-odden.com\/de\/#website\"},\"datePublished\":\"2024-04-30T11:51:11+00:00\",\"dateModified\":\"2025-07-15T09:31:25+00:00\",\"description\":\"Erfahre, wie RostockTrelleborg.com personenbezogene Daten erh\u00e4lt, zu welchem Zweck und wie diese gesch\u00fctzt werden.\",\"breadcrumb\":{\"@id\":\"https:\/\/aarhus-odden.com\/de\/datenschutzerklarung\/#breadcrumb\"},\"inLanguage\":\"de\",\"potentialAction\":[{\"@type\":\"ReadAction\",\"target\":[\"https:\/\/aarhus-odden.com\/de\/datenschutzerklarung\/\"]}]},{\"@type\":\"BreadcrumbList\",\"@id\":\"https:\/\/aarhus-odden.com\/de\/datenschutzerklarung\/#breadcrumb\",\"itemListElement\":[{\"@type\":\"ListItem\",\"position\":1,\"name\":\"Home\",\"item\":\"https:\/\/aarhus-odden.com\/de\/\"},{\"@type\":\"ListItem\",\"position\":2,\"name\":\"Datenschutzerkl\u00e4rung\"}]},{\"@type\":\"WebSite\",\"@id\":\"https:\/\/aarhus-odden.com\/de\/#website\",\"url\":\"https:\/\/aarhus-odden.com\/de\/\",\"name\":\"Aarhus-Odden DE\",\"description\":\"Der internationale Guide f\u00fcr die F\u00e4hre Aarhus  Odden\",\"publisher\":{\"@id\":\"https:\/\/aarhus-odden.com\/de\/#organization\"},\"potentialAction\":[{\"@type\":\"SearchAction\",\"target\":{\"@type\":\"EntryPoint\",\"urlTemplate\":\"https:\/\/aarhus-odden.com\/de\/?s={search_term_string}\"},\"query-input\":{\"@type\":\"PropertyValueSpecification\",\"valueRequired\":true,\"valueName\":\"search_term_string\"}}],\"inLanguage\":\"de\"},{\"@type\":\"Organization\",\"@id\":\"https:\/\/aarhus-odden.com\/de\/#organization\",\"name\":\"Aarhus-Odden DE\",\"url\":\"https:\/\/aarhus-odden.com\/de\/\",\"logo\":{\"@type\":\"ImageObject\",\"inLanguage\":\"de\",\"@id\":\"https:\/\/aarhus-odden.com\/de\/#\/schema\/logo\/image\/\",\"url\":\"https:\/\/aarhus-odden.com\/de\/wp-content\/uploads\/sites\/3\/2025\/06\/aarhus-odden-logo.png\",\"contentUrl\":\"https:\/\/aarhus-odden.com\/de\/wp-content\/uploads\/sites\/3\/2025\/06\/aarhus-odden-logo.png\",\"width\":706,\"height\":125,\"caption\":\"Aarhus-Odden DE\"},\"image\":{\"@id\":\"https:\/\/aarhus-odden.com\/de\/#\/schema\/logo\/image\/\"}}]}<\/script>\n<!-- \/ Yoast SEO plugin. -->","yoast_head_json":{"title":"Datenschutzerkl\u00e4rung - Aarhus-Odden DE","description":"Erfahre, wie RostockTrelleborg.com personenbezogene Daten erh\u00e4lt, zu welchem Zweck und wie diese gesch\u00fctzt werden.","robots":{"index":"index","follow":"follow","max-snippet":"max-snippet:-1","max-image-preview":"max-image-preview:large","max-video-preview":"max-video-preview:-1"},"canonical":"https:\/\/aarhus-odden.com\/de\/datenschutzerklarung\/","og_locale":"de_DE","og_type":"article","og_title":"Datenschutzerkl\u00e4rung - Aarhus-Odden DE","og_description":"Erfahre, wie RostockTrelleborg.com personenbezogene Daten erh\u00e4lt, zu welchem Zweck und wie diese gesch\u00fctzt werden.","og_url":"https:\/\/aarhus-odden.com\/de\/datenschutzerklarung\/","og_site_name":"Aarhus-Odden DE","article_modified_time":"2025-07-15T09:31:25+00:00","twitter_card":"summary_large_image","twitter_misc":{"Gesch\u00e4tzte Lesezeit":"2\u00a0Minuten"},"schema":{"@context":"https:\/\/schema.org","@graph":[{"@type":"WebPage","@id":"https:\/\/aarhus-odden.com\/de\/datenschutzerklarung\/","url":"https:\/\/aarhus-odden.com\/de\/datenschutzerklarung\/","name":"Datenschutzerkl\u00e4rung - Aarhus-Odden DE","isPartOf":{"@id":"https:\/\/aarhus-odden.com\/de\/#website"},"datePublished":"2024-04-30T11:51:11+00:00","dateModified":"2025-07-15T09:31:25+00:00","description":"Erfahre, wie RostockTrelleborg.com personenbezogene Daten erh\u00e4lt, zu welchem Zweck und wie diese gesch\u00fctzt werden.","breadcrumb":{"@id":"https:\/\/aarhus-odden.com\/de\/datenschutzerklarung\/#breadcrumb"},"inLanguage":"de","potentialAction":[{"@type":"ReadAction","target":["https:\/\/aarhus-odden.com\/de\/datenschutzerklarung\/"]}]},{"@type":"BreadcrumbList","@id":"https:\/\/aarhus-odden.com\/de\/datenschutzerklarung\/#breadcrumb","itemListElement":[{"@type":"ListItem","position":1,"name":"Home","item":"https:\/\/aarhus-odden.com\/de\/"},{"@type":"ListItem","position":2,"name":"Datenschutzerkl\u00e4rung"}]},{"@type":"WebSite","@id":"https:\/\/aarhus-odden.com\/de\/#website","url":"https:\/\/aarhus-odden.com\/de\/","name":"Aarhus-Odden DE","description":"Der internationale Guide f\u00fcr die F\u00e4hre Aarhus  Odden","publisher":{"@id":"https:\/\/aarhus-odden.com\/de\/#organization"},"potentialAction":[{"@type":"SearchAction","target":{"@type":"EntryPoint","urlTemplate":"https:\/\/aarhus-odden.com\/de\/?s={search_term_string}"},"query-input":{"@type":"PropertyValueSpecification","valueRequired":true,"valueName":"search_term_string"}}],"inLanguage":"de"},{"@type":"Organization","@id":"https:\/\/aarhus-odden.com\/de\/#organization","name":"Aarhus-Odden DE","url":"https:\/\/aarhus-odden.com\/de\/","logo":{"@type":"ImageObject","inLanguage":"de","@id":"https:\/\/aarhus-odden.com\/de\/#\/schema\/logo\/image\/","url":"https:\/\/aarhus-odden.com\/de\/wp-content\/uploads\/sites\/3\/2025\/06\/aarhus-odden-logo.png","contentUrl":"https:\/\/aarhus-odden.com\/de\/wp-content\/uploads\/sites\/3\/2025\/06\/aarhus-odden-logo.png","width":706,"height":125,"caption":"Aarhus-Odden DE"},"image":{"@id":"https:\/\/aarhus-odden.com\/de\/#\/schema\/logo\/image\/"}}]}},"_links":{"self":[{"href":"https:\/\/aarhus-odden.com\/de\/wp-json\/wp\/v2\/pages\/136","targetHints":{"allow":["GET"]}}],"collection":[{"href":"https:\/\/aarhus-odden.com\/de\/wp-json\/wp\/v2\/pages"}],"about":[{"href":"https:\/\/aarhus-odden.com\/de\/wp-json\/wp\/v2\/types\/page"}],"author":[{"embeddable":true,"href":"https:\/\/aarhus-odden.com\/de\/wp-json\/wp\/v2\/users\/2"}],"replies":[{"embeddable":true,"href":"https:\/\/aarhus-odden.com\/de\/wp-json\/wp\/v2\/comments?post=136"}],"version-history":[{"count":3,"href":"https:\/\/aarhus-odden.com\/de\/wp-json\/wp\/v2\/pages\/136\/revisions"}],"predecessor-version":[{"id":269,"href":"https:\/\/aarhus-odden.com\/de\/wp-json\/wp\/v2\/pages\/136\/revisions\/269"}],"wp:attachment":[{"href":"https:\/\/aarhus-odden.com\/de\/wp-json\/wp\/v2\/media?parent=136"}],"curies":[{"name":"wp","href":"https:\/\/api.w.org\/{rel}","templated":true}]}}